{"id":3,"date":"2022-11-29T12:23:45","date_gmt":"2022-11-29T11:23:45","guid":{"rendered":"http:\/\/stelb2m.com\/es\/?page_id=3"},"modified":"2023-03-24T11:21:21","modified_gmt":"2023-03-24T10:21:21","slug":"politica-privacidad","status":"publish","type":"page","link":"https:\/\/stelb2m.com\/es\/politica-privacidad\/","title":{"rendered":"Pol\u00edtica de privacidad"},"content":{"rendered":"\t\t<div data-elementor-type=\"wp-page\" data-elementor-id=\"3\" class=\"elementor elementor-3\">\n\t\t\t\t\t\t\t\t\t<section class=\"elementor-section elementor-top-section elementor-element elementor-element-6d52570f elementor-section-boxed elementor-section-height-default elementor-section-height-default wpr-particle-no wpr-jarallax-no wpr-parallax-no wpr-sticky-section-no\" data-id=\"6d52570f\" data-element_type=\"section\">\n\t\t\t\t\t\t<div class=\"elementor-container elementor-column-gap-default\">\n\t\t\t\t\t<div class=\"elementor-column elementor-col-100 elementor-top-column elementor-element elementor-element-5fbd59db\" data-id=\"5fbd59db\" data-element_type=\"column\">\n\t\t\t<div class=\"elementor-widget-wrap elementor-element-populated\">\n\t\t\t\t\t\t\t\t<div class=\"elementor-element elementor-element-6e7101e9 elementor-widget elementor-widget-text-editor\" data-id=\"6e7101e9\" data-element_type=\"widget\" data-widget_type=\"text-editor.default\">\n\t\t\t\t<div class=\"elementor-widget-container\">\n\t\t\t<style>\/*! elementor - v3.11.5 - 14-03-2023 *\/\n.elementor-widget-text-editor.elementor-drop-cap-view-stacked .elementor-drop-cap{background-color:#818a91;color:#fff}.elementor-widget-text-editor.elementor-drop-cap-view-framed .elementor-drop-cap{color:#818a91;border:3px solid;background-color:transparent}.elementor-widget-text-editor:not(.elementor-drop-cap-view-default) .elementor-drop-cap{margin-top:8px}.elementor-widget-text-editor:not(.elementor-drop-cap-view-default) .elementor-drop-cap-letter{width:1em;height:1em}.elementor-widget-text-editor .elementor-drop-cap{float:left;text-align:center;line-height:1;font-size:50px}.elementor-widget-text-editor .elementor-drop-cap-letter{display:inline-block}<\/style>\t\t\t\t<!-- wp:heading -->\n<p>En cumplimiento del Reglamento (UE) 2016\/679 del Parlamento Europeo y del Consejo, de 27 de abril de 2016, relativo a la protecci\u00f3n de las personas f\u00edsicas en lo que respecta al tratamiento de datos personales y por el que se deroga la Directiva 95\/46\/CE (en adelante, RGPD), con la Ley 34\/2002, de 11 de julio, de servicios de la sociedad de la informaci\u00f3n y de comercio electr\u00f3nico (en adelante, LSSI-CE) y la Ley Org\u00e1nica 3\/2018, de Protecci\u00f3n de Datos Personales y Garant\u00eda de los Derechos Digitales (en adelante, LOPDGDD), STRONG element garantiza la protecci\u00f3n y confidencialidad de los datos personales, de cualquier tipo que nos proporcionen nuestros clientes de acuerdo con lo dispuesto en el Reglamento General de Protecci\u00f3n de Datos de Car\u00e1cter Personal.<\/p>\n<p>Los datos facilitados ser\u00e1n tratados en los t\u00e9rminos establecidos en el RGPD. En este sentido, STRONG element ha adoptado los niveles de protecci\u00f3n que legalmente se exigen, y ha instalado todas las medidas t\u00e9cnicas a su alcance para evitar la p\u00e9rdida, mal uso, alteraci\u00f3n, acceso no autorizado por terceros, y que se describen a continuaci\u00f3n. No obstante, el usuario debe ser consciente de que las medidas de seguridad en Internet no son inexpugnables.<\/p>\n<p>Responsable del tratamiento<\/p>\n<p>Nombre: STRONG element<\/p>\n<p>N\u00daMERO DE IVA: B83383018<\/p>\n<p>Direcci\u00f3n: Pe\u00f1a Sacra 18<\/p>\n<p>Tel\u00e9fono: 918587555<\/p>\n<p>Correo electr\u00f3nico: hello@strongelement.com<\/p>\n<p>Finalidad del tratamiento<\/p>\n<p>Todos los datos facilitados por nuestros clientes y\/o visitantes a la p\u00e1gina web de STRONG element o de su personal, ser\u00e1n incluidos en el registro de actividades de tratamiento de datos personales, creado y mantenido bajo la responsabilidad de STRONG element, imprescindibles para prestar los servicios solicitados por los usuarios, o para resolver las dudas o cuestiones planteadas por nuestros visitantes. Nuestra pol\u00edtica es no crear perfiles de los usuarios de nuestros servicios.<\/p>\n<p>Legitimaci\u00f3n del tratamiento<\/p>\n<p>Relaci\u00f3n contractual: Es la que se aplica cuando compras uno de nuestros productos o contratas uno de nuestros servicios.<\/p>\n<p>Inter\u00e9s leg\u00edtimo: Responder a las consultas y reclamaciones que nos plantees y gestionar el cobro de las cantidades adeudadas.<\/p>\n<p>Su consentimiento: Si eres usuario de nuestra web, al marcar la casilla del formulario de contacto, nos autorizas a enviarte las comunicaciones necesarias para responder a la consulta o solicitud de informaci\u00f3n planteada.<\/p>\n<p>Destinatarios<\/p>\n<p>No comunicamos sus datos personales a nadie, salvo a aquellas entidades p\u00fablicas o privadas a las que estemos obligados a facilitar sus datos personales para cumplir con alguna ley. Por ejemplo, la Ley Tributaria nos obliga a facilitar a la Agencia Tributaria determinada informaci\u00f3n sobre operaciones econ\u00f3micas que superen un determinado importe.<\/p>\n<p>En el caso de que, al margen de los supuestos anteriores, necesitemos ceder sus datos personales a otras entidades, solicitaremos su autorizaci\u00f3n previa a trav\u00e9s de opciones claras que le permitan decidir al respecto.<\/p>\n<p>Comunicaci\u00f3n<\/p>\n<p>No realizaremos transferencias internacionales de sus datos personales para ninguna de las finalidades indicadas.<\/p>\n<p>Conservaci\u00f3n<\/p>\n<p>S\u00f3lo conservaremos sus datos personales durante el tiempo necesario para alcanzar los fines para los que fueron recogidos. Para determinar el periodo de conservaci\u00f3n adecuado, tenemos en cuenta los riesgos que conlleva el tratamiento, as\u00ed como nuestras obligaciones contractuales, legales y reglamentarias, las pol\u00edticas internas de conservaci\u00f3n de datos y nuestros leg\u00edtimos intereses comerciales, tal y como se describen en el presente Aviso de Privacidad y Pol\u00edtica de Cookies.<\/p>\n<p>En este sentido, STRONG element conservar\u00e1 los datos personales una vez finalizada su relaci\u00f3n con usted, debidamente bloqueados, durante el plazo de prescripci\u00f3n de las acciones que pudieran derivarse de la relaci\u00f3n mantenida con el interesado.<\/p>\n<p>Una vez bloqueados, sus datos ser\u00e1n inaccesibles para STRONG element, y no ser\u00e1n tratados salvo para su puesta a disposici\u00f3n de las Administraciones P\u00fablicas, Jueces y Tribunales, para la atenci\u00f3n de las posibles responsabilidades nacidas del tratamiento, as\u00ed como para el ejercicio y defensa de reclamaciones ante la Agencia Espa\u00f1ola de Protecci\u00f3n de Datos.<\/p>\n<p>Seguridad<\/p>\n<p>Hacemos todos los esfuerzos razonables para mantener la confidencialidad de la informaci\u00f3n personal tratada en nuestros sistemas. Mantenemos estrictos niveles de seguridad para proteger los datos personales que tratamos contra p\u00e9rdidas accidentales y contra el acceso, el tratamiento o la divulgaci\u00f3n no autorizados, teniendo en cuenta el estado de la tecnolog\u00eda y la naturaleza y los riesgos a los que est\u00e1n expuestos los datos. Sin embargo, no podemos hacernos responsables del uso que usted haga de los datos (incluidos el nombre de usuario y la contrase\u00f1a) que utilice en nuestro sitio web. Nuestro personal sigue estrictas normas de privacidad y, cuando contratamos a terceros para que nos presten servicios de apoyo, les exigimos que se atengan a las mismas normas y nos permiten auditar su cumplimiento.<\/p>\n<p>\u00a0<\/p>\n<p>Sus derechos<\/p>\n<p>Le informamos de que puede ejercer los siguientes derechos:<\/p>\n<p>Derecho de acceso a sus datos personales, para conocer cu\u00e1les est\u00e1n siendo objeto de tratamiento y las operaciones de tratamiento realizadas con ellos;<\/p>\n<p>Derecho de rectificaci\u00f3n de los datos personales inexactos;<\/p>\n<p>Derecho a la supresi\u00f3n de sus datos personales, siempre que sea posible (por ejemplo, por ley);<\/p>\n<p>Derecho a la limitaci\u00f3n del tratamiento de sus datos personales cuando existan dudas sobre la exactitud, licitud o necesidad del tratamiento, en cuyo caso, podremos conservarlos para el ejercicio o la defensa de reclamaciones.<\/p>\n<p>Derecho a oponerte al tratamiento de tus datos personales, cuando la base jur\u00eddica que nos habilita a tratarlos sea nuestro inter\u00e9s leg\u00edtimo. \u00abNombre_de_la_empresa\u00bb dejar\u00e1 de tratar tus datos, salvo que tenga un inter\u00e9s leg\u00edtimo o sea necesario para la defensa de reclamaciones.<\/p>\n<p>Derecho a la portabilidad de tus datos, cuando la base jur\u00eddica que nos habilita al tratamiento sea la existencia de una relaci\u00f3n contractual o tu consentimiento.<\/p>\n<p>Derecho a revocar el consentimiento prestado a STRONG element.<\/p>\n<p>Para ejercitar sus derechos, puede hacerlo de forma gratuita y en cualquier momento dirigi\u00e9ndose a nosotros en la direcci\u00f3n Pe\u00f1a Sacra 18, adjuntando copia de su DNI.<\/p>\n<p>Protecci\u00f3n de derechos<\/p>\n<p>Si considera que sus derechos han sido vulnerados por nuestra empresa, puede presentar una reclamaci\u00f3n ante la Agencia Espa\u00f1ola de Protecci\u00f3n de Datos, a trav\u00e9s de cualquiera de los siguientes medios:<\/p>\n<p>Sede electr\u00f3nica: https:\/\/www.aepd.es<\/p>\n<p>Correo postal: Agencia Espa\u00f1ola de Protecci\u00f3n de Datos, C\/ Jorge Juan, 6, 28001, Madrid<\/p>\n<p>Tel\u00e9fono: 901.100.099 y 912.663.517<\/p>\n<p>Presentar una reclamaci\u00f3n ante la Agencia Espa\u00f1ola de Protecci\u00f3n de Datos no conlleva ning\u00fan coste y no es necesaria la asistencia de abogado o procurador.<\/p>\n<p>Actualizaciones<\/p>\n<p>STRONG element se reserva el derecho a modificar la presente pol\u00edtica para adaptarla a novedades legislativas o jurisprudenciales que afecten al cumplimiento de la misma.<\/p>\n<!-- \/wp:paragraph -->\t\t\t\t\t\t<\/div>\n\t\t\t\t<\/div>\n\t\t\t\t\t<\/div>\n\t\t<\/div>\n\t\t\t\t\t\t\t<\/div>\n\t\t<\/section>\n\t\t\t\t\t\t\t<\/div>\n\t\t","protected":false},"excerpt":{"rendered":"<p>En cumplimiento del Reglamento (UE) 2016\/679 del Parlamento Europeo y del Consejo, de 27 de abril de 2016, relativo a la protecci\u00f3n de las personas f\u00edsicas en lo que respecta al tratamiento de datos personales y por el que se deroga la Directiva 95\/46\/CE (en adelante, RGPD), con la Ley 34\/2002, de 11 de julio,&#8230;<\/p>\n","protected":false},"author":1,"featured_media":0,"parent":0,"menu_order":0,"comment_status":"closed","ping_status":"closed","template":"","meta":{"_kad_post_transparent":"","_kad_post_title":"","_kad_post_layout":"","_kad_post_sidebar_id":"","_kad_post_content_style":"","_kad_post_vertical_padding":"","_kad_post_feature":"","_kad_post_feature_position":"","_kad_post_header":false,"_kad_post_footer":false},"yoast_head":"<!-- This site is optimized with the Yoast SEO plugin v20.3 - https:\/\/yoast.com\/wordpress\/plugins\/seo\/ -->\n<title>Pol\u00edtica de privacidad - ES Business to media<\/title>\n<meta name=\"robots\" content=\"index, follow, max-snippet:-1, max-image-preview:large, max-video-preview:-1\" \/>\n<link rel=\"canonical\" href=\"https:\/\/stelb2m.com\/es\/politica-privacidad\/\" \/>\n<meta property=\"og:locale\" content=\"es_ES\" \/>\n<meta property=\"og:type\" content=\"article\" \/>\n<meta property=\"og:title\" content=\"Pol\u00edtica de privacidad - ES Business to media\" \/>\n<meta property=\"og:description\" content=\"En cumplimiento del Reglamento (UE) 2016\/679 del Parlamento Europeo y del Consejo, de 27 de abril de 2016, relativo a la protecci\u00f3n de las personas f\u00edsicas en lo que respecta al tratamiento de datos personales y por el que se deroga la Directiva 95\/46\/CE (en adelante, RGPD), con la Ley 34\/2002, de 11 de julio,...\" \/>\n<meta property=\"og:url\" content=\"https:\/\/stelb2m.com\/es\/politica-privacidad\/\" \/>\n<meta property=\"og:site_name\" content=\"ES Business to media\" \/>\n<meta property=\"article:publisher\" content=\"https:\/\/www.facebook.com\/yourSTRONGelement\" \/>\n<meta property=\"article:modified_time\" content=\"2023-03-24T10:21:21+00:00\" \/>\n<meta name=\"twitter:card\" content=\"summary_large_image\" \/>\n<meta name=\"twitter:site\" content=\"@strong_element\" \/>\n<meta name=\"twitter:label1\" content=\"Tiempo de lectura\" \/>\n\t<meta name=\"twitter:data1\" content=\"5 minutos\" \/>\n<script type=\"application\/ld+json\" class=\"yoast-schema-graph\">{\"@context\":\"https:\/\/schema.org\",\"@graph\":[{\"@type\":\"WebPage\",\"@id\":\"https:\/\/stelb2m.com\/es\/politica-privacidad\/\",\"url\":\"https:\/\/stelb2m.com\/es\/politica-privacidad\/\",\"name\":\"Pol\u00edtica de privacidad - ES Business to media\",\"isPartOf\":{\"@id\":\"https:\/\/stelb2m.com\/es\/#website\"},\"datePublished\":\"2022-11-29T11:23:45+00:00\",\"dateModified\":\"2023-03-24T10:21:21+00:00\",\"breadcrumb\":{\"@id\":\"https:\/\/stelb2m.com\/es\/politica-privacidad\/#breadcrumb\"},\"inLanguage\":\"es\",\"potentialAction\":[{\"@type\":\"ReadAction\",\"target\":[\"https:\/\/stelb2m.com\/es\/politica-privacidad\/\"]}]},{\"@type\":\"BreadcrumbList\",\"@id\":\"https:\/\/stelb2m.com\/es\/politica-privacidad\/#breadcrumb\",\"itemListElement\":[{\"@type\":\"ListItem\",\"position\":1,\"name\":\"Home\",\"item\":\"https:\/\/stelb2m.com\/es\/\"},{\"@type\":\"ListItem\",\"position\":2,\"name\":\"Pol\u00edtica de privacidad\"}]},{\"@type\":\"WebSite\",\"@id\":\"https:\/\/stelb2m.com\/es\/#website\",\"url\":\"https:\/\/stelb2m.com\/es\/\",\"name\":\"Business to media\",\"description\":\"Corporate communication in a New Media World. Established 1998\",\"publisher\":{\"@id\":\"https:\/\/stelb2m.com\/es\/#organization\"},\"potentialAction\":[{\"@type\":\"SearchAction\",\"target\":{\"@type\":\"EntryPoint\",\"urlTemplate\":\"https:\/\/stelb2m.com\/es\/?s={search_term_string}\"},\"query-input\":\"required name=search_term_string\"}],\"inLanguage\":\"es\"},{\"@type\":\"Organization\",\"@id\":\"https:\/\/stelb2m.com\/es\/#organization\",\"name\":\"STRONG element Business to media\",\"url\":\"https:\/\/stelb2m.com\/es\/\",\"logo\":{\"@type\":\"ImageObject\",\"inLanguage\":\"es\",\"@id\":\"https:\/\/stelb2m.com\/es\/#\/schema\/logo\/image\/\",\"url\":\"https:\/\/stelb2m.com\/es\/wp-content\/uploads\/sites\/8\/2023\/01\/cropped-STelB2M-2023-3-scaled-1.jpg\",\"contentUrl\":\"https:\/\/stelb2m.com\/es\/wp-content\/uploads\/sites\/8\/2023\/01\/cropped-STelB2M-2023-3-scaled-1.jpg\",\"width\":2559,\"height\":1703,\"caption\":\"STRONG element Business to media\"},\"image\":{\"@id\":\"https:\/\/stelb2m.com\/es\/#\/schema\/logo\/image\/\"},\"sameAs\":[\"https:\/\/www.facebook.com\/yourSTRONGelement\",\"https:\/\/twitter.com\/strong_element\",\"https:\/\/www.instagram.com\/strong_element\/\",\"https:\/\/www.youtube.com\/@strongelement5305\/featured\",\"https:\/\/www.linkedin.com\/company\/11054424\/\"]}]}<\/script>\n<!-- \/ Yoast SEO plugin. -->","yoast_head_json":{"title":"Pol\u00edtica de privacidad - ES Business to media","robots":{"index":"index","follow":"follow","max-snippet":"max-snippet:-1","max-image-preview":"max-image-preview:large","max-video-preview":"max-video-preview:-1"},"canonical":"https:\/\/stelb2m.com\/es\/politica-privacidad\/","og_locale":"es_ES","og_type":"article","og_title":"Pol\u00edtica de privacidad - ES Business to media","og_description":"En cumplimiento del Reglamento (UE) 2016\/679 del Parlamento Europeo y del Consejo, de 27 de abril de 2016, relativo a la protecci\u00f3n de las personas f\u00edsicas en lo que respecta al tratamiento de datos personales y por el que se deroga la Directiva 95\/46\/CE (en adelante, RGPD), con la Ley 34\/2002, de 11 de julio,...","og_url":"https:\/\/stelb2m.com\/es\/politica-privacidad\/","og_site_name":"ES Business to media","article_publisher":"https:\/\/www.facebook.com\/yourSTRONGelement","article_modified_time":"2023-03-24T10:21:21+00:00","twitter_card":"summary_large_image","twitter_site":"@strong_element","twitter_misc":{"Tiempo de lectura":"5 minutos"},"schema":{"@context":"https:\/\/schema.org","@graph":[{"@type":"WebPage","@id":"https:\/\/stelb2m.com\/es\/politica-privacidad\/","url":"https:\/\/stelb2m.com\/es\/politica-privacidad\/","name":"Pol\u00edtica de privacidad - ES Business to media","isPartOf":{"@id":"https:\/\/stelb2m.com\/es\/#website"},"datePublished":"2022-11-29T11:23:45+00:00","dateModified":"2023-03-24T10:21:21+00:00","breadcrumb":{"@id":"https:\/\/stelb2m.com\/es\/politica-privacidad\/#breadcrumb"},"inLanguage":"es","potentialAction":[{"@type":"ReadAction","target":["https:\/\/stelb2m.com\/es\/politica-privacidad\/"]}]},{"@type":"BreadcrumbList","@id":"https:\/\/stelb2m.com\/es\/politica-privacidad\/#breadcrumb","itemListElement":[{"@type":"ListItem","position":1,"name":"Home","item":"https:\/\/stelb2m.com\/es\/"},{"@type":"ListItem","position":2,"name":"Pol\u00edtica de privacidad"}]},{"@type":"WebSite","@id":"https:\/\/stelb2m.com\/es\/#website","url":"https:\/\/stelb2m.com\/es\/","name":"Business to media","description":"Corporate communication in a New Media World. Established 1998","publisher":{"@id":"https:\/\/stelb2m.com\/es\/#organization"},"potentialAction":[{"@type":"SearchAction","target":{"@type":"EntryPoint","urlTemplate":"https:\/\/stelb2m.com\/es\/?s={search_term_string}"},"query-input":"required name=search_term_string"}],"inLanguage":"es"},{"@type":"Organization","@id":"https:\/\/stelb2m.com\/es\/#organization","name":"STRONG element Business to media","url":"https:\/\/stelb2m.com\/es\/","logo":{"@type":"ImageObject","inLanguage":"es","@id":"https:\/\/stelb2m.com\/es\/#\/schema\/logo\/image\/","url":"https:\/\/stelb2m.com\/es\/wp-content\/uploads\/sites\/8\/2023\/01\/cropped-STelB2M-2023-3-scaled-1.jpg","contentUrl":"https:\/\/stelb2m.com\/es\/wp-content\/uploads\/sites\/8\/2023\/01\/cropped-STelB2M-2023-3-scaled-1.jpg","width":2559,"height":1703,"caption":"STRONG element Business to media"},"image":{"@id":"https:\/\/stelb2m.com\/es\/#\/schema\/logo\/image\/"},"sameAs":["https:\/\/www.facebook.com\/yourSTRONGelement","https:\/\/twitter.com\/strong_element","https:\/\/www.instagram.com\/strong_element\/","https:\/\/www.youtube.com\/@strongelement5305\/featured","https:\/\/www.linkedin.com\/company\/11054424\/"]}]}},"_links":{"self":[{"href":"https:\/\/stelb2m.com\/es\/wp-json\/wp\/v2\/pages\/3"}],"collection":[{"href":"https:\/\/stelb2m.com\/es\/wp-json\/wp\/v2\/pages"}],"about":[{"href":"https:\/\/stelb2m.com\/es\/wp-json\/wp\/v2\/types\/page"}],"author":[{"embeddable":true,"href":"https:\/\/stelb2m.com\/es\/wp-json\/wp\/v2\/users\/1"}],"replies":[{"embeddable":true,"href":"https:\/\/stelb2m.com\/es\/wp-json\/wp\/v2\/comments?post=3"}],"version-history":[{"count":16,"href":"https:\/\/stelb2m.com\/es\/wp-json\/wp\/v2\/pages\/3\/revisions"}],"predecessor-version":[{"id":2362,"href":"https:\/\/stelb2m.com\/es\/wp-json\/wp\/v2\/pages\/3\/revisions\/2362"}],"wp:attachment":[{"href":"https:\/\/stelb2m.com\/es\/wp-json\/wp\/v2\/media?parent=3"}],"curies":[{"name":"wp","href":"https:\/\/api.w.org\/{rel}","templated":true}]}}