{"id":1858,"date":"2023-02-02T17:27:21","date_gmt":"2023-02-02T16:27:21","guid":{"rendered":"http:\/\/stelb2m.com\/es\/?page_id=1858"},"modified":"2023-03-24T11:26:13","modified_gmt":"2023-03-24T10:26:13","slug":"aviso-legal","status":"publish","type":"page","link":"https:\/\/stelb2m.com\/es\/aviso-legal\/","title":{"rendered":"Aviso Legal"},"content":{"rendered":"\t\t<div data-elementor-type=\"wp-page\" data-elementor-id=\"1858\" class=\"elementor elementor-1858\">\n\t\t\t\t\t\t\t\t\t<section class=\"elementor-section elementor-top-section elementor-element elementor-element-6d52570f elementor-section-boxed elementor-section-height-default elementor-section-height-default wpr-particle-no wpr-jarallax-no wpr-parallax-no wpr-sticky-section-no\" data-id=\"6d52570f\" data-element_type=\"section\">\n\t\t\t\t\t\t<div class=\"elementor-container elementor-column-gap-default\">\n\t\t\t\t\t<div class=\"elementor-column elementor-col-100 elementor-top-column elementor-element elementor-element-5fbd59db\" data-id=\"5fbd59db\" data-element_type=\"column\">\n\t\t\t<div class=\"elementor-widget-wrap elementor-element-populated\">\n\t\t\t\t\t\t\t\t<div class=\"elementor-element elementor-element-6e7101e9 elementor-widget elementor-widget-text-editor\" data-id=\"6e7101e9\" data-element_type=\"widget\" data-widget_type=\"text-editor.default\">\n\t\t\t\t<div class=\"elementor-widget-container\">\n\t\t\t<style>\/*! elementor - v3.11.5 - 14-03-2023 *\/\n.elementor-widget-text-editor.elementor-drop-cap-view-stacked .elementor-drop-cap{background-color:#818a91;color:#fff}.elementor-widget-text-editor.elementor-drop-cap-view-framed .elementor-drop-cap{color:#818a91;border:3px solid;background-color:transparent}.elementor-widget-text-editor:not(.elementor-drop-cap-view-default) .elementor-drop-cap{margin-top:8px}.elementor-widget-text-editor:not(.elementor-drop-cap-view-default) .elementor-drop-cap-letter{width:1em;height:1em}.elementor-widget-text-editor .elementor-drop-cap{float:left;text-align:center;line-height:1;font-size:50px}.elementor-widget-text-editor .elementor-drop-cap-letter{display:inline-block}<\/style>\t\t\t\t<!-- wp:heading -->\n<p>En el presente Aviso Legal, el Usuario podr\u00e1 encontrar toda la informaci\u00f3n relativa a las condiciones legales que definen las relaciones entre los usuarios y el responsable de la p\u00e1gina web accesible en la direcci\u00f3n URL https:\/\/www.strongelement.com\/wordpress (en adelante, el sitio web), que STRONG element pone a disposici\u00f3n de los usuarios de Internet.<\/p>\n<p>La utilizaci\u00f3n del sitio web implica la aceptaci\u00f3n plena y sin reservas de todas y cada una de las disposiciones incluidas en este Aviso Legal. En consecuencia, el usuario del sitio web debe leer atentamente el presente Aviso Legal en cada una de las ocasiones en que se proponga utilizar el sitio web, ya que su texto puede sufrir modificaciones de acuerdo con el criterio del titular del sitio web, o debido a un cambio legislativo, jurisprudencial o en la pr\u00e1ctica empresarial.<\/p>\n<p>\u00a0<\/p>\n<p>1.- DATOS DEL TITULAR DEL SITIO WEB.<\/p>\n<p>Nombre del titular: Strong Element S.L.<\/p>\n<p>Domicilio Social: Pe\u00f1a Sacra 18<\/p>\n<p>C.I.F.: B83383018<\/p>\n<p>Tel\u00e9fono de contacto: 918587555<\/p>\n<p>Correo electr\u00f3nico: hello@strongelement.com<\/p>\n<p>\u00a0<\/p>\n<p>Strong Element S.L. es responsable del Sitio Web y se compromete a cumplir con todos los requisitos nacionales y europeos que regulan el uso de los datos personales de los usuarios.<\/p>\n<p>\u00a0<\/p>\n<p>Este Sitio Web garantiza la protecci\u00f3n y confidencialidad de los datos personales que nos sean facilitados de acuerdo con lo dispuesto en el Reglamento General de Protecci\u00f3n de Datos Personales (UE) 2016\/679 del Parlamento Europeo y del Consejo de 27 de abril de 2016, en la Ley Org\u00e1nica 3\/2018, de Protecci\u00f3n de Datos de Car\u00e1cter Personal y garant\u00eda de los derechos digitales, as\u00ed como en la Ley de Servicios de la Sociedad de la Informaci\u00f3n y Comercio Electr\u00f3nico 34\/2002 de 11 de julio (LSSI-CE).<\/p>\n<p>\u00a0<\/p>\n<p>2.- OBJETO.<\/p>\n<p>El Sitio Web facilita a los usuarios del mismo el acceso a informaci\u00f3n y servicios prestados por STRONG element a aquellas personas u organizaciones interesadas en los mismos.<\/p>\n<p>\u00a0<\/p>\n<p>El acceso y uso del Sitio Web atribuye la condici\u00f3n de usuario del Sitio Web (en adelante, el \u00abUsuario\u00bb) e implica la aceptaci\u00f3n de todas las condiciones incluidas en este Aviso Legal as\u00ed como de sus modificaciones. La prestaci\u00f3n del servicio del Sitio Web tiene una duraci\u00f3n limitada al momento en el que el Usuario se encuentre conectado al Sitio Web o a alguno de los servicios que a trav\u00e9s del mismo se facilitan. Por tanto, el Usuario debe leer atentamente el presente Aviso Legal en cada una de las ocasiones en que se proponga utilizar el Sitio Web, ya que \u00e9ste y sus condiciones de uso recogidas en el presente Aviso Legal pueden sufrir modificaciones.<\/p>\n<p>\u00a0<\/p>\n<p>3.- ACCESO Y USO DEL SITIO WEB.<\/p>\n<p>3.1.- Gratuidad del acceso y uso del sitio web. El acceso al Sitio Web es gratuito para los usuarios del mismo, salvo en lo relativo al coste de la conexi\u00f3n a trav\u00e9s de la red de telecomunicaciones suministrada por el proveedor de acceso contratado por los usuarios.<\/p>\n<p>3.2.- Registro de usuarios. Con car\u00e1cter general, el acceso y utilizaci\u00f3n del sitio web no exige la previa suscripci\u00f3n o registro de los usuarios del mismo.<\/p>\n<p>3.3.- Los usuarios garantizan y responden, en cualquier caso, de la exactitud, vigencia y autenticidad de los datos personales facilitados, y se comprometen a mantenerlos debidamente actualizados. El usuario acepta proporcionar informaci\u00f3n completa y correcta en el formulario de contacto o suscripci\u00f3n.<\/p>\n<p>\u00a0<\/p>\n<p>En ning\u00fan caso se recabar\u00e1n datos de menores de edad relativos a su situaci\u00f3n profesional, econ\u00f3mica o a la intimidad de otros miembros de su familia sin su consentimiento. Si eres menor de trece a\u00f1os y has accedido a este sitio web sin avisar a tus padres, no debes registrarte como usuario.<\/p>\n<p>\u00a0<\/p>\n<p>Este sitio web respeta y cuida los datos personales de los usuarios. Como usuario debes saber que tus derechos est\u00e1n garantizados.<\/p>\n<p>\u00a0<\/p>\n<p>4.- CONTENIDOS DE LA WEB.<\/p>\n<p>El idioma utilizado por el titular de la web ser\u00e1 el castellano. STRONG element no se responsabiliza de la no comprensi\u00f3n o entendimiento del idioma de la web por el usuario, ni de sus consecuencias.<\/p>\n<p>STRONG element podr\u00e1 modificar los contenidos sin previo aviso, as\u00ed como suprimir y cambiar \u00e9stos dentro de la web, como la forma en que se accede a \u00e9stos, sin justificaci\u00f3n alguna y libremente, no responsabiliz\u00e1ndose de las consecuencias que los mismos puedan ocasionar a los usuarios.<\/p>\n<p>Se proh\u00edbe el uso de los contenidos de la web para promocionar, contratar o divulgar publicidad o informaci\u00f3n propia o de terceras personas sin la autorizaci\u00f3n de STRONG element, ni remitir publicidad o informaci\u00f3n vali\u00e9ndose para ello de los servicios o informaci\u00f3n que se ponen a disposici\u00f3n de los usuarios, independientemente de si la utilizaci\u00f3n es gratuita o no.<\/p>\n<p>Los enlaces o hiperenlaces que incorporen terceros en sus p\u00e1ginas web, dirigidos a esta Web, ser\u00e1n para la apertura de la p\u00e1gina web completa, no pudiendo manifestar, directa o indirectamente, indicaciones falsas, inexactas o confusas, ni incurrir en acciones desleales o il\u00edcitas en contra de STRONG element.<\/p>\n<p>\u00a0<\/p>\n<p>5.- MEDIDAS DE SEGURIDAD.<\/p>\n<p>Los datos personales comunicados por el usuario pueden ser almacenados en bases de datos automatizadas o no, cuya titularidad corresponde en exclusiva a STRONG element, asumiendo \u00e9sta todas las medidas de \u00edndole t\u00e9cnica, organizativa y de seguridad que garantizan la confidencialidad, integridad y calidad de la informaci\u00f3n contenida en las mismas de acuerdo con lo establecido en la normativa vigente en protecci\u00f3n de datos de car\u00e1cter personal.<\/p>\n<p>\u00a0<\/p>\n<p>6.- LIMITACI\u00d3N DE RESPONSABILIDAD.<\/p>\n<p>Tanto el acceso al Sitio Web como el uso no consentido que pueda efectuarse de la informaci\u00f3n contenida en el mismo es de la exclusiva responsabilidad de quien lo realiza. STRONG element no responder\u00e1 de ninguna consecuencia, da\u00f1o o perjuicio que pudieran derivarse de dicho acceso o uso. STRONG element no se hace responsable de los errores de seguridad, que se puedan producir ni de los da\u00f1os que puedan causarse al sistema inform\u00e1tico del usuario (hardware y software), o a los ficheros o documentos almacenados en el mismo, como consecuencia de:<\/p>\n<p>&#8211; la presencia de un virus en el ordenador del usuario que sea utilizado para la conexi\u00f3n a los servicios y contenidos de la web.<\/p>\n<p>&#8211; un mal funcionamiento del navegador.<\/p>\n<p>&#8211; y\/o del uso de versiones no actualizadas del mismo.<\/p>\n<p>STRONG element no se hace responsable de la fiabilidad y rapidez de los hiperenlaces que se incorporen en la web para la apertura de otras. STRONG element no garantiza la utilidad de estos enlaces, ni se responsabiliza de los contenidos o servicios a los que pueda acceder el usuario por medio de estos enlaces, ni del buen funcionamiento de estas webs.<\/p>\n<p>STRONG element no ser\u00e1 responsable de los virus o dem\u00e1s programas inform\u00e1ticos que deterioren o puedan deteriorar los sistemas o equipos inform\u00e1ticos de los usuarios al acceder a su web u otras webs a las que se haya accedido mediante enlaces de esta web.<\/p>\n<p>\u00a0<\/p>\n<p>7.- UTILIZACI\u00d3N DE TECNOLOG\u00cdA \u00abCOOKIE<\/p>\n<p>El Sitio Web puede utilizar cookies o tecnolog\u00edas similares que se regir\u00e1n por lo dispuesto en la Pol\u00edtica de Cookies, accesible en todo momento y respetando la confidencialidad y privacidad del usuario, formando parte integrante del presente Aviso Legal.<\/p>\n<p>\u00a0<\/p>\n<p>8.- NAVEGACI\u00d3N.<\/p>\n<p>Los servidores de Internet pueden recoger datos no identificables, que pueden incluir direcciones IP y otros datos que no pueden utilizarse para identificar al usuario. Su direcci\u00f3n IP ser\u00e1 almacenada en los logs de acceso de forma autom\u00e1tica y con la \u00fanica finalidad de permitir el tr\u00e1nsito por Internet, siendo necesario que su ordenador proporcione dicha direcci\u00f3n IP cuando navegue por Internet para que se puedan realizar las comunicaciones. Asimismo, la direcci\u00f3n IP podr\u00e1 ser utilizada para realizar estad\u00edsticas, de forma an\u00f3nima, sobre el n\u00famero de visitantes de este sitio web y su procedencia, de forma totalmente transparente a su navegaci\u00f3n.<\/p>\n<p>\u00a0<\/p>\n<p>9.- PROPIEDAD INTELECTUAL E INDUSTRIAL<\/p>\n<p>El usuario reconoce y acepta que todos los contenidos y\/o cualesquiera otros elementos del sitio web son propiedad de STRONG element, y se compromete a respetar los derechos de Propiedad Intelectual e Industrial titularidad de STRONG element. Cualquier uso del sitio web o de sus contenidos tendr\u00e1 un car\u00e1cter exclusivamente particular.<\/p>\n<p>Cualquier otro uso que suponga la copia, reproducci\u00f3n, distribuci\u00f3n, transformaci\u00f3n, comunicaci\u00f3n p\u00fablica o cualquier otra acci\u00f3n similar, de todo o parte de los contenidos de la p\u00e1gina web, est\u00e1 reservado exclusivamente a STRONG element, por lo que ning\u00fan usuario podr\u00e1 llevar a cabo estas acciones sin la autorizaci\u00f3n previa y por escrito de STRONG element.<\/p>\n<p>\u00a0<\/p>\n<p>10.- LEY APLICABLE Y JURISDICCI\u00d3N COMPETENTE<\/p>\n<p>El presente Aviso Legal se interpretar\u00e1 y regir\u00e1 de conformidad con la legislaci\u00f3n espa\u00f1ola. STRONG element y los usuarios, con renuncia expresa a cualquier otro fuero que pudiera corresponderles, se someten al de los juzgados y tribunales del domicilio del usuario para cualquier controversia que pudiera derivarse del acceso o uso de la web. En el caso de que el usuario tenga su domicilio fuera de Espa\u00f1a, STRONG element y el usuario, con renuncia expresa a cualquier otro fuero que pudiera corresponderles, se someten al de los juzgados y tribunales del domicilio de Galapagar.<\/p>\n<!-- \/wp:paragraph -->\t\t\t\t\t\t<\/div>\n\t\t\t\t<\/div>\n\t\t\t\t\t<\/div>\n\t\t<\/div>\n\t\t\t\t\t\t\t<\/div>\n\t\t<\/section>\n\t\t\t\t\t\t\t<\/div>\n\t\t","protected":false},"excerpt":{"rendered":"<p>En el presente Aviso Legal, el Usuario podr\u00e1 encontrar toda la informaci\u00f3n relativa a las condiciones legales que definen las relaciones entre los usuarios y el responsable de la p\u00e1gina web accesible en la direcci\u00f3n URL https:\/\/www.strongelement.com\/wordpress (en adelante, el sitio web), que STRONG element pone a disposici\u00f3n de los usuarios de Internet. La utilizaci\u00f3n&#8230;<\/p>\n","protected":false},"author":1,"featured_media":0,"parent":0,"menu_order":0,"comment_status":"closed","ping_status":"closed","template":"","meta":{"_kad_post_transparent":"","_kad_post_title":"","_kad_post_layout":"","_kad_post_sidebar_id":"","_kad_post_content_style":"","_kad_post_vertical_padding":"","_kad_post_feature":"","_kad_post_feature_position":"","_kad_post_header":false,"_kad_post_footer":false},"yoast_head":"<!-- This site is optimized with the Yoast SEO plugin v20.3 - https:\/\/yoast.com\/wordpress\/plugins\/seo\/ -->\n<title>Aviso Legal - ES Business to media<\/title>\n<meta name=\"robots\" content=\"index, follow, max-snippet:-1, max-image-preview:large, max-video-preview:-1\" \/>\n<link rel=\"canonical\" href=\"https:\/\/stelb2m.com\/es\/aviso-legal\/\" \/>\n<meta property=\"og:locale\" content=\"es_ES\" \/>\n<meta property=\"og:type\" content=\"article\" \/>\n<meta property=\"og:title\" content=\"Aviso Legal - ES Business to media\" \/>\n<meta property=\"og:description\" content=\"En el presente Aviso Legal, el Usuario podr\u00e1 encontrar toda la informaci\u00f3n relativa a las condiciones legales que definen las relaciones entre los usuarios y el responsable de la p\u00e1gina web accesible en la direcci\u00f3n URL https:\/\/www.strongelement.com\/wordpress (en adelante, el sitio web), que STRONG element pone a disposici\u00f3n de los usuarios de Internet. La utilizaci\u00f3n...\" \/>\n<meta property=\"og:url\" content=\"https:\/\/stelb2m.com\/es\/aviso-legal\/\" \/>\n<meta property=\"og:site_name\" content=\"ES Business to media\" \/>\n<meta property=\"article:publisher\" content=\"https:\/\/www.facebook.com\/yourSTRONGelement\" \/>\n<meta property=\"article:modified_time\" content=\"2023-03-24T10:26:13+00:00\" \/>\n<meta name=\"twitter:card\" content=\"summary_large_image\" \/>\n<meta name=\"twitter:site\" content=\"@strong_element\" \/>\n<meta name=\"twitter:label1\" content=\"Tiempo de lectura\" \/>\n\t<meta name=\"twitter:data1\" content=\"7 minutos\" \/>\n<script type=\"application\/ld+json\" class=\"yoast-schema-graph\">{\"@context\":\"https:\/\/schema.org\",\"@graph\":[{\"@type\":\"WebPage\",\"@id\":\"https:\/\/stelb2m.com\/es\/aviso-legal\/\",\"url\":\"https:\/\/stelb2m.com\/es\/aviso-legal\/\",\"name\":\"Aviso Legal - ES Business to media\",\"isPartOf\":{\"@id\":\"https:\/\/stelb2m.com\/es\/#website\"},\"datePublished\":\"2023-02-02T16:27:21+00:00\",\"dateModified\":\"2023-03-24T10:26:13+00:00\",\"breadcrumb\":{\"@id\":\"https:\/\/stelb2m.com\/es\/aviso-legal\/#breadcrumb\"},\"inLanguage\":\"es\",\"potentialAction\":[{\"@type\":\"ReadAction\",\"target\":[\"https:\/\/stelb2m.com\/es\/aviso-legal\/\"]}]},{\"@type\":\"BreadcrumbList\",\"@id\":\"https:\/\/stelb2m.com\/es\/aviso-legal\/#breadcrumb\",\"itemListElement\":[{\"@type\":\"ListItem\",\"position\":1,\"name\":\"Home\",\"item\":\"https:\/\/stelb2m.com\/es\/\"},{\"@type\":\"ListItem\",\"position\":2,\"name\":\"Aviso Legal\"}]},{\"@type\":\"WebSite\",\"@id\":\"https:\/\/stelb2m.com\/es\/#website\",\"url\":\"https:\/\/stelb2m.com\/es\/\",\"name\":\"Business to media\",\"description\":\"Corporate communication in a New Media World. Established 1998\",\"publisher\":{\"@id\":\"https:\/\/stelb2m.com\/es\/#organization\"},\"potentialAction\":[{\"@type\":\"SearchAction\",\"target\":{\"@type\":\"EntryPoint\",\"urlTemplate\":\"https:\/\/stelb2m.com\/es\/?s={search_term_string}\"},\"query-input\":\"required name=search_term_string\"}],\"inLanguage\":\"es\"},{\"@type\":\"Organization\",\"@id\":\"https:\/\/stelb2m.com\/es\/#organization\",\"name\":\"STRONG element Business to media\",\"url\":\"https:\/\/stelb2m.com\/es\/\",\"logo\":{\"@type\":\"ImageObject\",\"inLanguage\":\"es\",\"@id\":\"https:\/\/stelb2m.com\/es\/#\/schema\/logo\/image\/\",\"url\":\"https:\/\/stelb2m.com\/es\/wp-content\/uploads\/sites\/8\/2023\/01\/cropped-STelB2M-2023-3-scaled-1.jpg\",\"contentUrl\":\"https:\/\/stelb2m.com\/es\/wp-content\/uploads\/sites\/8\/2023\/01\/cropped-STelB2M-2023-3-scaled-1.jpg\",\"width\":2559,\"height\":1703,\"caption\":\"STRONG element Business to media\"},\"image\":{\"@id\":\"https:\/\/stelb2m.com\/es\/#\/schema\/logo\/image\/\"},\"sameAs\":[\"https:\/\/www.facebook.com\/yourSTRONGelement\",\"https:\/\/twitter.com\/strong_element\",\"https:\/\/www.instagram.com\/strong_element\/\",\"https:\/\/www.youtube.com\/@strongelement5305\/featured\",\"https:\/\/www.linkedin.com\/company\/11054424\/\"]}]}<\/script>\n<!-- \/ Yoast SEO plugin. -->","yoast_head_json":{"title":"Aviso Legal - ES Business to media","robots":{"index":"index","follow":"follow","max-snippet":"max-snippet:-1","max-image-preview":"max-image-preview:large","max-video-preview":"max-video-preview:-1"},"canonical":"https:\/\/stelb2m.com\/es\/aviso-legal\/","og_locale":"es_ES","og_type":"article","og_title":"Aviso Legal - ES Business to media","og_description":"En el presente Aviso Legal, el Usuario podr\u00e1 encontrar toda la informaci\u00f3n relativa a las condiciones legales que definen las relaciones entre los usuarios y el responsable de la p\u00e1gina web accesible en la direcci\u00f3n URL https:\/\/www.strongelement.com\/wordpress (en adelante, el sitio web), que STRONG element pone a disposici\u00f3n de los usuarios de Internet. La utilizaci\u00f3n...","og_url":"https:\/\/stelb2m.com\/es\/aviso-legal\/","og_site_name":"ES Business to media","article_publisher":"https:\/\/www.facebook.com\/yourSTRONGelement","article_modified_time":"2023-03-24T10:26:13+00:00","twitter_card":"summary_large_image","twitter_site":"@strong_element","twitter_misc":{"Tiempo de lectura":"7 minutos"},"schema":{"@context":"https:\/\/schema.org","@graph":[{"@type":"WebPage","@id":"https:\/\/stelb2m.com\/es\/aviso-legal\/","url":"https:\/\/stelb2m.com\/es\/aviso-legal\/","name":"Aviso Legal - ES Business to media","isPartOf":{"@id":"https:\/\/stelb2m.com\/es\/#website"},"datePublished":"2023-02-02T16:27:21+00:00","dateModified":"2023-03-24T10:26:13+00:00","breadcrumb":{"@id":"https:\/\/stelb2m.com\/es\/aviso-legal\/#breadcrumb"},"inLanguage":"es","potentialAction":[{"@type":"ReadAction","target":["https:\/\/stelb2m.com\/es\/aviso-legal\/"]}]},{"@type":"BreadcrumbList","@id":"https:\/\/stelb2m.com\/es\/aviso-legal\/#breadcrumb","itemListElement":[{"@type":"ListItem","position":1,"name":"Home","item":"https:\/\/stelb2m.com\/es\/"},{"@type":"ListItem","position":2,"name":"Aviso Legal"}]},{"@type":"WebSite","@id":"https:\/\/stelb2m.com\/es\/#website","url":"https:\/\/stelb2m.com\/es\/","name":"Business to media","description":"Corporate communication in a New Media World. Established 1998","publisher":{"@id":"https:\/\/stelb2m.com\/es\/#organization"},"potentialAction":[{"@type":"SearchAction","target":{"@type":"EntryPoint","urlTemplate":"https:\/\/stelb2m.com\/es\/?s={search_term_string}"},"query-input":"required name=search_term_string"}],"inLanguage":"es"},{"@type":"Organization","@id":"https:\/\/stelb2m.com\/es\/#organization","name":"STRONG element Business to media","url":"https:\/\/stelb2m.com\/es\/","logo":{"@type":"ImageObject","inLanguage":"es","@id":"https:\/\/stelb2m.com\/es\/#\/schema\/logo\/image\/","url":"https:\/\/stelb2m.com\/es\/wp-content\/uploads\/sites\/8\/2023\/01\/cropped-STelB2M-2023-3-scaled-1.jpg","contentUrl":"https:\/\/stelb2m.com\/es\/wp-content\/uploads\/sites\/8\/2023\/01\/cropped-STelB2M-2023-3-scaled-1.jpg","width":2559,"height":1703,"caption":"STRONG element Business to media"},"image":{"@id":"https:\/\/stelb2m.com\/es\/#\/schema\/logo\/image\/"},"sameAs":["https:\/\/www.facebook.com\/yourSTRONGelement","https:\/\/twitter.com\/strong_element","https:\/\/www.instagram.com\/strong_element\/","https:\/\/www.youtube.com\/@strongelement5305\/featured","https:\/\/www.linkedin.com\/company\/11054424\/"]}]}},"_links":{"self":[{"href":"https:\/\/stelb2m.com\/es\/wp-json\/wp\/v2\/pages\/1858"}],"collection":[{"href":"https:\/\/stelb2m.com\/es\/wp-json\/wp\/v2\/pages"}],"about":[{"href":"https:\/\/stelb2m.com\/es\/wp-json\/wp\/v2\/types\/page"}],"author":[{"embeddable":true,"href":"https:\/\/stelb2m.com\/es\/wp-json\/wp\/v2\/users\/1"}],"replies":[{"embeddable":true,"href":"https:\/\/stelb2m.com\/es\/wp-json\/wp\/v2\/comments?post=1858"}],"version-history":[{"count":9,"href":"https:\/\/stelb2m.com\/es\/wp-json\/wp\/v2\/pages\/1858\/revisions"}],"predecessor-version":[{"id":2355,"href":"https:\/\/stelb2m.com\/es\/wp-json\/wp\/v2\/pages\/1858\/revisions\/2355"}],"wp:attachment":[{"href":"https:\/\/stelb2m.com\/es\/wp-json\/wp\/v2\/media?parent=1858"}],"curies":[{"name":"wp","href":"https:\/\/api.w.org\/{rel}","templated":true}]}}